{"id":176,"date":"2022-02-24T10:37:13","date_gmt":"2022-02-24T10:37:13","guid":{"rendered":"https:\/\/rekular.webdesign-schwaben.de\/?page_id=176"},"modified":"2025-12-31T13:04:12","modified_gmt":"2025-12-31T13:04:12","slug":"datenschutz","status":"publish","type":"page","link":"https:\/\/jet-motors-entwicklung2025.webdesign-schwaben.de\/index.php\/datenschutz\/","title":{"rendered":"Datenschutz"},"content":{"rendered":"<p>[et_pb_section fb_built=&#8220;1&#8243; _builder_version=&#8220;4.27.4&#8243; _module_preset=&#8220;default&#8220; custom_padding=&#8220;32px||44px|||&#8220; animation_style=&#8220;fade&#8220; global_colors_info=&#8220;{}&#8220;][et_pb_row _builder_version=&#8220;4.16&#8243; _module_preset=&#8220;default&#8220; global_colors_info=&#8220;{}&#8220;][et_pb_column type=&#8220;4_4&#8243; _builder_version=&#8220;4.16&#8243; _module_preset=&#8220;default&#8220; global_colors_info=&#8220;{}&#8220;][et_pb_text _builder_version=&#8220;4.27.5&#8243; _module_preset=&#8220;default&#8220; hover_enabled=&#8220;0&#8243; global_colors_info=&#8220;{}&#8220; sticky_enabled=&#8220;0&#8243;]<\/p>\n<h1>Datenschutz\u00aderkl\u00e4rung<\/h1>\n<h2>1. Datenschutz auf einen Blick<\/h2>\n<h3>Allgemeine Hinweise<\/h3>\n<p><strong>Dies ist eine neue Webpr\u00e4senz und das Impressum sowie alle datenschutzrelevanten Seiten werden zur Ver\u00f6ffentlichung neu erstellt.<\/strong><\/p>\n<p>[\/et_pb_text][\/et_pb_column][\/et_pb_row][\/et_pb_section]<\/p>\n","protected":false},"excerpt":{"rendered":"<p>Datenschutz\u00aderkl\u00e4rung 1. Datenschutz auf einen Blick Allgemeine Hinweise Dies ist eine neue Webpr\u00e4senz und das Impressum sowie alle datenschutzrelevanten Seiten werden zur Ver\u00f6ffentlichung neu erstellt.<\/p>\n","protected":false},"author":1,"featured_media":0,"parent":0,"menu_order":0,"comment_status":"closed","ping_status":"closed","template":"","meta":{"_et_pb_use_builder":"on","_et_pb_old_content":"<p>[et_pb_section fb_built=\"1\" _builder_version=\"4.14.8\" _module_preset=\"default\" custom_padding=\"||44px|||\" global_colors_info=\"{}\"][et_pb_row _builder_version=\"4.14.8\" _module_preset=\"default\"][et_pb_column _builder_version=\"4.14.8\" _module_preset=\"default\" type=\"4_4\"][et_pb_text _builder_version=\"4.14.8\" _module_preset=\"default\" hover_enabled=\"0\" sticky_enabled=\"0\"]<\/p><p class=\"p1\"><b>IMPRESSUM<\/b><\/p><p class=\"p2\">\u00a0<\/p><p class=\"p3\">Angaben gem\u00e4\u00df \u00a7 5 TMG<br \/>Rekular GmbH<br \/>Wittislinger Str. 7<br \/>89415 Lauingen (Donau)<br \/>Handelsregister: HRB 34182<br \/>Registergericht: Amtsgericht Augsburg<\/p><p class=\"p3\">Vertreten durch:<br \/>Folkert Schmidt<br \/>Arne Seeger<\/p><p class=\"p3\">Kontakt<br \/>Telefon: 09072 95380-0<br \/>Telefax: 09072 95380-11<br \/>E-Mail: <a href=\"mailto:info@rekular.de\" target=\"_blank\" rel=\"noopener\">info@rekular.de<\/a><\/p><p class=\"p3\">Umsatzsteuer-ID<br \/>Umsatzsteuer-Identifikationsnummer gem\u00e4\u00df \u00a727 a UStG:<br \/>DE 814 491 479<br \/>Steuernummer: 9 152 139 20208<\/p><p class=\"p3\">Aufsichtsbeh\u00f6rden:<\/p><p class=\"p3\">Niederlassung Wangerland:<br \/>NGS Nieders\u00e4chsische Gesellschaft zur<br \/>Endablageerung von Sonderabfall mBH<br \/>Alexanderstra\u00dfe 45<br \/>30159 Hannover<br \/>Telefon: 0511 360 80<\/p><p class=\"p3\">Niederlassung Baumholder:<br \/>Struktur- und Genehmigungsdirektion Nord<br \/>Stresemannstra\u00dfe 3-5<br \/>56068 Koblenz<br \/>Telefon: 0261 120-0<\/p><p class=\"p3\">Niederlassung Lauingen:<br \/>Landratsamt Dillingen a.d. Donau<br \/>Fachbereich 41<br \/>Gro\u00dfe Allee 24<br \/>89407 Dillingen (Donau)<br \/>09071\/51-0<\/p><p>Verantwortlich f\u00fcr den Inhalt nach \u00a755 Abs. 2 RStV:<br \/>Stena Recycling GmbH<br \/>Wittislinger Str. 7<\/p><p>[\/et_pb_text][\/et_pb_column][\/et_pb_row][\/et_pb_section][et_pb_section fb_built=\"1\" specialty=\"on\" custom_padding_last_edited=\"on|phone\" padding_1_tablet=\"|10%||10%||true\" admin_label=\"Footer\" _builder_version=\"3.22\" use_background_color_gradient=\"on\" background_color_gradient_start=\"rgba(29,38,0,0.85)\" background_color_gradient_end=\"rgba(29,38,0,0.6)\" background_color_gradient_direction=\"45deg\" background_color_gradient_overlays_image=\"on\" background_image=\"https:\/\/jet-motors-entwicklung2025.webdesign-schwaben.de\/wp-content\/uploads\/2022\/02\/gardener-05.jpg\" custom_padding=\"120px|0px|120px|0px|true|false\" custom_padding_tablet=\"\" custom_padding_phone=\"80px||80px||true\" saved_tabs=\"all\" global_colors_info=\"{}\"][et_pb_column type=\"1_2\" specialty_columns=\"2\" _builder_version=\"3.25\" custom_padding=\"|||\" global_colors_info=\"{}\" padding_tablet=\"|10%||10%||true\" custom_padding__hover=\"|||\"][et_pb_row_inner padding_top_bottom_link_2=\"true\" padding_left_right_link_2=\"true\" _builder_version=\"3.25\" background_color=\"#ffffff\" custom_padding=\"|30px||30px|false|true\" global_colors_info=\"{}\"][et_pb_column_inner saved_specialty_column_type=\"1_2\" _builder_version=\"3.25\" custom_padding=\"|||\" global_colors_info=\"{}\" custom_padding__hover=\"|||\"][et_pb_text _builder_version=\"4.14.8\" text_font=\"||||||||\" header_font=\"||||||||\" header_4_font=\"|700||on|||||\" header_4_text_color=\"rgba(0,0,0,0.5)\" header_4_font_size=\"14px\" header_4_letter_spacing=\"1px\" header_4_line_height=\"1.5em\" global_colors_info=\"{}\"]<\/p><p class=\"p1\"><b>UNSERE HAUPTVERWALTUNG:<\/b><\/p><h4>\u00a0<\/h4><p>[\/et_pb_text][et_pb_blurb title=\"+49 9072 95380-0\" use_icon=\"on\" font_icon=\"\ue090||divi||400\" icon_color=\"#293600\" icon_placement=\"left\" image_icon_width=\"20px\" _builder_version=\"4.14.8\" header_font=\"|700||on|||||\" header_text_color=\"#1d2600\" header_font_size=\"11px\" header_letter_spacing=\"2px\" header_line_height=\"1.8em\" background_layout=\"dark\" custom_margin=\"20px|||\" animation=\"off\" icon_font_size=\"20px\" global_colors_info=\"{}\"][\/et_pb_blurb][et_pb_blurb title=\"info@rekular.de\" use_icon=\"on\" font_icon=\"\ue076||divi||400\" icon_color=\"#293600\" icon_placement=\"left\" image_icon_width=\"20px\" _builder_version=\"4.14.8\" header_font=\"|700||on|||||\" header_text_color=\"#1d2600\" header_font_size=\"11px\" header_letter_spacing=\"2px\" header_line_height=\"1.8em\" background_layout=\"dark\" custom_margin=\"20px|||\" animation=\"off\" icon_font_size=\"20px\" global_colors_info=\"{}\"][\/et_pb_blurb][et_pb_blurb title=\"Rekular GmbH \/ Wittislinger Str. 7 \/ 89415 Lauingen\" use_icon=\"on\" font_icon=\"\ue081||divi||400\" icon_color=\"#293600\" icon_placement=\"left\" image_icon_width=\"20px\" _builder_version=\"4.14.8\" header_font=\"|700||on|||||\" header_text_color=\"#1d2600\" header_font_size=\"11px\" header_letter_spacing=\"2px\" header_line_height=\"1.8em\" background_layout=\"dark\" custom_margin=\"20px|||\" animation=\"off\" icon_font_size=\"20px\" global_colors_info=\"{}\"][\/et_pb_blurb][\/et_pb_column_inner][\/et_pb_row_inner][et_pb_row_inner _builder_version=\"3.25\" custom_padding=\"0||||false|false\" global_colors_info=\"{}\"][et_pb_column_inner saved_specialty_column_type=\"1_2\" _builder_version=\"3.25\" custom_padding=\"|||\" global_colors_info=\"{}\" custom_padding__hover=\"|||\"][et_pb_button button_text=\"Senden Si uns eine Nachricht\" button_alignment=\"right\" _builder_version=\"4.14.8\" custom_button=\"on\" button_text_size=\"16px\" button_bg_color=\"#ffb031\" button_border_width=\"0px\" button_border_radius=\"0px\" button_letter_spacing=\"2px\" button_font=\"|700||on|||||\" button_icon=\"$||divi||400\" background_layout=\"dark\" custom_margin=\"|||\" custom_padding=\"16px|40px|16px|40px|true|true\" animation_style=\"fold\" animation_direction=\"top\" locked=\"off\" global_colors_info=\"{}\" button_text_size__hover_enabled=\"off\" button_one_text_size__hover_enabled=\"off\" button_two_text_size__hover_enabled=\"off\" button_text_color__hover_enabled=\"off\" button_one_text_color__hover_enabled=\"off\" button_two_text_color__hover_enabled=\"off\" button_border_width__hover_enabled=\"off\" button_one_border_width__hover_enabled=\"off\" button_two_border_width__hover_enabled=\"off\" button_border_color__hover_enabled=\"off\" button_one_border_color__hover_enabled=\"off\" button_two_border_color__hover_enabled=\"off\" button_border_radius__hover_enabled=\"off\" button_one_border_radius__hover_enabled=\"off\" button_two_border_radius__hover_enabled=\"off\" button_letter_spacing__hover_enabled=\"off\" button_one_letter_spacing__hover_enabled=\"off\" button_two_letter_spacing__hover_enabled=\"off\" button_bg_color__hover_enabled=\"off\" button_one_bg_color__hover_enabled=\"off\" button_two_bg_color__hover_enabled=\"off\"][\/et_pb_button][\/et_pb_column_inner][\/et_pb_row_inner][\/et_pb_column][et_pb_column type=\"1_2\" _builder_version=\"3.25\" custom_padding=\"|||\" global_colors_info=\"{}\" custom_padding__hover=\"|||\"][et_pb_text _builder_version=\"4.14.8\" text_font=\"||||||||\" text_font_size=\"16px\" text_line_height=\"2em\" header_2_font=\"Alata|700|||||||\" header_2_font_size=\"52px\" header_2_line_height=\"1.2em\" background_layout=\"dark\" custom_margin=\"|||\" header_2_font_size_tablet=\"42px\" header_2_font_size_phone=\"32px\" header_2_font_size_last_edited=\"on|desktop\" locked=\"off\" global_colors_info=\"{}\"]<\/p><h2>Lorem Ipsum<\/h2><p>Curabitur blandit tempus porttitor. Duis mollis, est non commodo luctus, nisi erat porttitor ligula, eget lacinia odio sem nec elit. Nullam id dolor id nibh ultricies vehicula ut id elit. Donec ullamcorper nulla non metus auctor fringilla.\u00a0Curabitur blandit tempus porttitor.<br \/>[\/et_pb_text][\/et_pb_column][\/et_pb_section]<\/p>","_et_gb_content_width":"","footnotes":""},"class_list":["post-176","page","type-page","status-publish","hentry"],"_links":{"self":[{"href":"https:\/\/jet-motors-entwicklung2025.webdesign-schwaben.de\/index.php\/wp-json\/wp\/v2\/pages\/176","targetHints":{"allow":["GET"]}}],"collection":[{"href":"https:\/\/jet-motors-entwicklung2025.webdesign-schwaben.de\/index.php\/wp-json\/wp\/v2\/pages"}],"about":[{"href":"https:\/\/jet-motors-entwicklung2025.webdesign-schwaben.de\/index.php\/wp-json\/wp\/v2\/types\/page"}],"author":[{"embeddable":true,"href":"https:\/\/jet-motors-entwicklung2025.webdesign-schwaben.de\/index.php\/wp-json\/wp\/v2\/users\/1"}],"replies":[{"embeddable":true,"href":"https:\/\/jet-motors-entwicklung2025.webdesign-schwaben.de\/index.php\/wp-json\/wp\/v2\/comments?post=176"}],"version-history":[{"count":14,"href":"https:\/\/jet-motors-entwicklung2025.webdesign-schwaben.de\/index.php\/wp-json\/wp\/v2\/pages\/176\/revisions"}],"predecessor-version":[{"id":1814,"href":"https:\/\/jet-motors-entwicklung2025.webdesign-schwaben.de\/index.php\/wp-json\/wp\/v2\/pages\/176\/revisions\/1814"}],"wp:attachment":[{"href":"https:\/\/jet-motors-entwicklung2025.webdesign-schwaben.de\/index.php\/wp-json\/wp\/v2\/media?parent=176"}],"curies":[{"name":"wp","href":"https:\/\/api.w.org\/{rel}","templated":true}]}}